{"id":819,"date":"2022-03-01T00:00:00","date_gmt":"2022-02-28T23:00:00","guid":{"rendered":"https:\/\/193.144.50.23\/~gac\/wordpress\/?page_id=819"},"modified":"2022-03-01T00:00:00","modified_gmt":"2022-02-28T23:00:00","slug":"grao-en-enxeneria-informatica","status":"publish","type":"page","link":"https:\/\/gac.udc.es\/index.php\/gl\/grao-en-enxeneria-informatica\/","title":{"rendered":"Grao en Enxe\u00f1ar\u00eda Inform\u00e1tica"},"content":{"rendered":"\n<p><a rel=\"noreferrer noopener\" href=\"http:\/\/www.fic.udc.es\/gl\/plan-de-estudos\" data-type=\"URL\" data-id=\"http:\/\/www.fic.udc.es\/gl\/plan-de-estudos\" target=\"_blank\">M\u00c1IS INFO<\/a><\/p>\n","protected":false},"excerpt":{"rendered":"<p>M\u00c1IS INFO<\/p>\n","protected":false},"author":1,"featured_media":0,"parent":0,"menu_order":0,"comment_status":"closed","ping_status":"closed","template":"","meta":{"footnotes":""},"class_list":["post-819","page","type-page","status-publish","hentry"],"_links":{"self":[{"href":"https:\/\/gac.udc.es\/index.php\/wp-json\/wp\/v2\/pages\/819","targetHints":{"allow":["GET"]}}],"collection":[{"href":"https:\/\/gac.udc.es\/index.php\/wp-json\/wp\/v2\/pages"}],"about":[{"href":"https:\/\/gac.udc.es\/index.php\/wp-json\/wp\/v2\/types\/page"}],"author":[{"embeddable":true,"href":"https:\/\/gac.udc.es\/index.php\/wp-json\/wp\/v2\/users\/1"}],"replies":[{"embeddable":true,"href":"https:\/\/gac.udc.es\/index.php\/wp-json\/wp\/v2\/comments?post=819"}],"version-history":[{"count":0,"href":"https:\/\/gac.udc.es\/index.php\/wp-json\/wp\/v2\/pages\/819\/revisions"}],"wp:attachment":[{"href":"https:\/\/gac.udc.es\/index.php\/wp-json\/wp\/v2\/media?parent=819"}],"curies":[{"name":"wp","href":"https:\/\/api.w.org\/{rel}","templated":true}]}}