{"id":3529,"date":"2022-03-01T00:00:00","date_gmt":"2022-02-28T23:00:00","guid":{"rendered":"https:\/\/gac.udc.es\/?page_id=3529"},"modified":"2025-02-20T15:54:00","modified_gmt":"2025-02-20T14:54:00","slug":"ramon-doallo-biempica-2","status":"publish","type":"page","link":"https:\/\/gac.udc.es\/index.php\/gl\/ramon-doallo-biempica-2\/","title":{"rendered":"Ram\u00f3n Doallo Biempica"},"content":{"rendered":"\n<div class=\"wp-block-columns is-layout-flex wp-container-core-columns-is-layout-1 wp-block-columns-is-layout-flex\">\n<div class=\"wp-block-column is-layout-flow wp-block-column-is-layout-flow\" style=\"flex-basis:66.66%\">\n<h2 class=\"wp-block-heading\">+ Experiencia Profesional<\/h2>\n\n\n\n<p>+\u00a0<strong>Colaborador da Axencia Estatal de Investigaci\u00f3n<\/strong>\u00a0(2017-2019).<br>+\u00a0<strong>Cofundador da spin-off Torus Software Solutions.<\/strong>\u00a0(dende Abril 2013).<br>+\u00a0<strong>Director da Escola Internacional de Doutoramento da Universidade da Coru\u00f1a<\/strong>. (2012-2016).<br>+\u00a0<strong>Catedr\u00e1tico de Universidade no Grupo de Arquitectura de Computadores<\/strong>, Departamento de Enxe\u00f1ar\u00eda de Computadores, Universidade da Coru\u00f1a. (dende 1999).<br>+\u00a0<strong>Coordinador do Grupo de Arquitectura de Computadores<\/strong>, Universidade da Coru\u00f1a. (1994-2017).<br>+\u00a0<strong>Director do Departamento de Electr\u00f3nica e Sistemas <\/strong>(1999-2003), Universidade da Coru\u00f1a.<br>+\u00a0<strong>Coordinador da Universidade da Coru\u00f1a co Centro de Supercomputaci\u00f3n de Galicia <\/strong>(1993-1999), Universidade da Coru\u00f1a.<br>+\u00a0<strong>Profesor Adxunto<\/strong>\u00a0(1994-1999), Departamento de Electr\u00f3nica e Sistemas, Universidade da Coru\u00f1a.<br>+\u00a0<strong>Profesor Asistente\u00a0<\/strong>(1990-1994), Departamento de Electr\u00f3nica e Sistemas, Universidade da Coru\u00f1a.<br>+\u00a0<strong>Bolseiro FPI <\/strong>(1988-1990), Departamento de Electr\u00f3nica e Computaci\u00f3n, Universidade de Santiago de Compostela.<\/p>\n\n\n\n<hr class=\"wp-block-separator has-css-opacity is-style-default\"\/>\n\n\n\n<h2 class=\"wp-block-heading\">+ Docencia<\/h2>\n\n\n\n<p>+\u00a0<strong>Arquitectura de Computadores<\/strong>\u00a0&#8211; Facultade de Inform\u00e1tica, Universidade da Coru\u00f1a (<a href=\"http:\/\/www.udc.es\/\">UDC<\/a>).<br>+\u00a0<strong>Estructura de Computadores<\/strong>\u00a0&#8211; Facultade de Inform\u00e1tica, Universidade da Coru\u00f1a (<a href=\"http:\/\/www.udc.es\/\">UDC<\/a>).<br>+\u00a0<strong>Arquitecturas de Alto Rendemento<\/strong>\u00a0&#8211; Mestrado en Computaci\u00f3n de Altas Prestaci\u00f3ns (<a href=\"http:\/\/www.masterhpc.es\/\">MSc<\/a>).<\/p>\n\n\n\n<hr class=\"wp-block-separator has-css-opacity is-style-default\"\/>\n\n\n\n<h2 class=\"wp-block-heading\">+ Educaci\u00f3n<\/h2>\n\n\n\n<p>+<strong>\u00a0Doutor <\/strong>en F\u00edsica, Abril 1992, Universidade de Santiago de Compostela.<br>+\u00a0<strong>Licenciado <\/strong>en F\u00edsica, Xu\u00f1o 1987, Universidade de Santiago de Compostela.<\/p>\n\n\n\n<hr class=\"wp-block-separator has-css-opacity\"\/>\n\n\n\n<h2 class=\"wp-block-heading\">+ \u00daltimos Art\u00edgos (<a href=\"http:\/\/www.dblp.org\/db\/indices\/a-tree\/d\/Doallo:Ramon.html\">DBLP entry\u00a0<\/a>)<\/h2>\n\n\n\n<p><em><a href=\"https:\/\/gac.udc.es\/~doallo\/CVARamonDoallo_octubre2023.pdf\" data-type=\"URL\" data-id=\"https:\/\/gac.udc.es\/~doallo\/CVARamonDoallo_octubre2023.pdf\" target=\"_blank\" rel=\"noreferrer noopener\">+&nbsp;<strong>CV Breve<\/strong><\/a><\/em><\/p>\n\n\n\n<p><em><a href=\"http:\/\/scholar.google.es\/citations?user=xO3xcX8AAAAJ&amp;hl=es\">+&nbsp;<strong>Citas en Google Acad\u00e9mico<\/strong><\/a><\/em><\/p>\n\n\n\n<p><\/p>\n\n\n\n<h4 class=\"wp-block-heading\"><strong>\u00daLTIMA ACTUALIZACI\u00d3N: 03 de Outubro de 2023<\/strong><\/h4>\n<\/div>\n\n\n\n<div class=\"wp-block-column is-layout-flow wp-block-column-is-layout-flow\" style=\"flex-basis:33.33%\">\n<h3 class=\"wp-block-heading has-text-align-center\"><img decoding=\"async\" src=\"https:\/\/gac.udc.es\/wp-content\/uploads\/2025\/01\/RDB_foto_es.jpg\" alt=\"\" width=\"226,33\" height=\"247\"><\/h3>\n\n\n\n<h3 class=\"wp-block-heading has-text-align-center\">+ Ficha<\/h3>\n\n\n\n<p class=\"has-text-align-center\"><em>Ram\u00f3n Doallo Biempica<br>Catedr\u00e1tico de Universidade<br><a href=\"mailto:ramon.doallo@udc.es\" data-type=\"mailto\" data-id=\"mailto:ramon.doallo@udc.es\">ramon.doallo@udc.es<\/a><\/em><\/p>\n\n\n\n<p class=\"has-text-align-center\">Facultad de Inform\u00e1tica<br>Campus de Elvi\u00f1a s\/n&nbsp;<br>15071 A Coru\u00f1a&nbsp;<br>Espa\u00f1a<\/p>\n\n\n\n<p class=\"has-text-align-center\"><a href=\"https:\/\/gac.udc.es\/~doallo\/#\">EMAIL GAC: gac-udc@udc.es<\/a><\/p>\n<\/div>\n<\/div>\n","protected":false},"excerpt":{"rendered":"<p>+ Experiencia Profesional +\u00a0Colaborador da Axencia Estatal de Investigaci\u00f3n\u00a0(2017-2019).+\u00a0Cofundador da spin-off Torus Software Solutions.\u00a0(dende Abril 2013).+\u00a0Director da Escola Internacional de Doutoramento da Universidade da Coru\u00f1a. (2012-2016).+\u00a0Catedr\u00e1tico de Universidade no Grupo &#8230;<\/p>\n","protected":false},"author":1,"featured_media":2823,"parent":0,"menu_order":0,"comment_status":"closed","ping_status":"closed","template":"","meta":{"footnotes":""},"class_list":["post-3529","page","type-page","status-publish","has-post-thumbnail","hentry"],"_links":{"self":[{"href":"https:\/\/gac.udc.es\/index.php\/wp-json\/wp\/v2\/pages\/3529","targetHints":{"allow":["GET"]}}],"collection":[{"href":"https:\/\/gac.udc.es\/index.php\/wp-json\/wp\/v2\/pages"}],"about":[{"href":"https:\/\/gac.udc.es\/index.php\/wp-json\/wp\/v2\/types\/page"}],"author":[{"embeddable":true,"href":"https:\/\/gac.udc.es\/index.php\/wp-json\/wp\/v2\/users\/1"}],"replies":[{"embeddable":true,"href":"https:\/\/gac.udc.es\/index.php\/wp-json\/wp\/v2\/comments?post=3529"}],"version-history":[{"count":2,"href":"https:\/\/gac.udc.es\/index.php\/wp-json\/wp\/v2\/pages\/3529\/revisions"}],"predecessor-version":[{"id":3532,"href":"https:\/\/gac.udc.es\/index.php\/wp-json\/wp\/v2\/pages\/3529\/revisions\/3532"}],"wp:featuredmedia":[{"embeddable":true,"href":"https:\/\/gac.udc.es\/index.php\/wp-json\/wp\/v2\/media\/2823"}],"wp:attachment":[{"href":"https:\/\/gac.udc.es\/index.php\/wp-json\/wp\/v2\/media?parent=3529"}],"curies":[{"name":"wp","href":"https:\/\/api.w.org\/{rel}","templated":true}]}}